{"id":1421,"date":"2017-02-28T13:18:36","date_gmt":"2017-02-28T11:18:36","guid":{"rendered":"http:\/\/fisiomobil.cat\/services\/"},"modified":"2023-01-09T13:06:24","modified_gmt":"2023-01-09T11:06:24","slug":"services","status":"publish","type":"page","link":"https:\/\/fisiomobil.cat\/es\/services\/","title":{"rendered":"Servicios"},"content":{"rendered":"<div id=\"pl-1421\"  class=\"panel-layout\" ><div id=\"pg-1421-0\"  class=\"panel-grid panel-has-style\" ><div data-overlay-color=\"#000000\" class=\"panel-row-style panel-row-style-for-1421-0\" ><div id=\"pgc-1421-0-0\"  class=\"panel-grid-cell\" ><div id=\"panel-1421-0-0-0\" class=\"so-panel widget widget_dc_featured_page devclick-featured-page panel-first-child panel-last-child\" data-index=\"0\" >\n\t\t\t<article class=\"featured-page featured-page-style-one\">\n\n\t\t\t\t\t\t\t\t\t<a href=\"https:\/\/fisiomobil.cat\/es\/services\/rehabilitacio\/\" class=\"featured-page-image\">\n\t\t\t\t\t\t<img decoding=\"async\" src=\"https:\/\/fisiomobil.cat\/wp-content\/uploads\/2022\/12\/rehabilitacio-347x260.jpg\" srcset=\"https:\/\/fisiomobil.cat\/wp-content\/uploads\/2022\/12\/rehabilitacio.jpg 1024w, https:\/\/fisiomobil.cat\/wp-content\/uploads\/2022\/12\/rehabilitacio-520x390.jpg 640w, https:\/\/fisiomobil.cat\/wp-content\/uploads\/2022\/12\/rehabilitacio-347x260.jpg 320w\" sizes=\"(min-width: 992px) 40vw, 110vw\" alt=\"\">\n\t\t\t\t\t<\/a>\n\t\t\t\t\n\t\t\t\t<div class=\"featured-page-inner text-left\">\n\n\t\t\t\t\t<h3>\n\t\t\t\t\t\t<a href=\"https:\/\/fisiomobil.cat\/es\/services\/rehabilitacio\/\">Rehabilitaci\u00f3n<\/a>\n\t\t\t\t\t<\/h3>\n\n\t\t\t\t\t\t\t\t\t\t\t<p>Evaluar, plantear y realizar programas de rehabilitaci\u00f3n (tratamiento) para mejorar y recuperar las funciones motores, maximizar...<\/p>\n\t\t\t\t\t\n\t\t\t\t\t\t\t\t\t\t\t<a href=\"https:\/\/fisiomobil.cat\/es\/services\/rehabilitacio\/\" class=\"featured-page-link\">Llegir mes<\/a>\n\t\t\t\t\t\n\t\t\t\t<\/div><!-- .featured-page-inner -->\n\n\t\t\t<\/article><!-- .featured-page -->\n\n\t\t<\/div><\/div><div id=\"pgc-1421-0-1\"  class=\"panel-grid-cell\" ><div id=\"panel-1421-0-1-0\" class=\"so-panel widget widget_dc_featured_page devclick-featured-page panel-first-child panel-last-child\" data-index=\"1\" >\n\t\t\t<article class=\"featured-page featured-page-style-one\">\n\n\t\t\t\t\t\t\t\t\t<a href=\"https:\/\/fisiomobil.cat\/es\/services\/relax\/\" class=\"featured-page-image\">\n\t\t\t\t\t\t<img decoding=\"async\" src=\"https:\/\/fisiomobil.cat\/wp-content\/uploads\/2022\/12\/relax-347x260.png\" srcset=\"https:\/\/fisiomobil.cat\/wp-content\/uploads\/2022\/12\/relax.png 1024w, https:\/\/fisiomobil.cat\/wp-content\/uploads\/2022\/12\/relax-520x390.png 640w, https:\/\/fisiomobil.cat\/wp-content\/uploads\/2022\/12\/relax-347x260.png 320w\" sizes=\"(min-width: 992px) 40vw, 110vw\" alt=\"\">\n\t\t\t\t\t<\/a>\n\t\t\t\t\n\t\t\t\t<div class=\"featured-page-inner text-left\">\n\n\t\t\t\t\t<h3>\n\t\t\t\t\t\t<a href=\"https:\/\/fisiomobil.cat\/es\/services\/relax\/\">Relax<\/a>\n\t\t\t\t\t<\/h3>\n\n\t\t\t\t\t\t\t\t\t\t\t<p>Tienes estr\u00e9s, angustia, irritabilidad... \u00e9ste es el tipo de servicio que necesitas para poder liberarte de las tensiones...<\/p>\n\t\t\t\t\t\n\t\t\t\t\t\t\t\t\t\t\t<a href=\"https:\/\/fisiomobil.cat\/es\/services\/relax\/\" class=\"featured-page-link\">Llegir mes<\/a>\n\t\t\t\t\t\n\t\t\t\t<\/div><!-- .featured-page-inner -->\n\n\t\t\t<\/article><!-- .featured-page -->\n\n\t\t<\/div><\/div><\/div><\/div><\/div>","protected":false},"excerpt":{"rendered":"<p>Rehabilitaci\u00f3n Evaluar, plantear y realizar programas de rehabilitaci\u00f3n (tratamiento) para mejorar y recuperar las funciones motores, maximizar&#8230; Llegir mes Relax Tienes estr\u00e9s, angustia, irritabilidad&#8230; \u00e9ste es el tipo de servicio que necesitas para poder liberarte de las tensiones&#8230; Llegir mes<\/p>\n","protected":false},"author":1,"featured_media":0,"parent":0,"menu_order":0,"comment_status":"closed","ping_status":"closed","template":"template-full-width.php","meta":{"footnotes":""},"class_list":["post-1421","page","type-page","status-publish","hentry"],"yoast_head":"<!-- This site is optimized with the Yoast SEO plugin v27.3 - https:\/\/yoast.com\/product\/yoast-seo-wordpress\/ -->\n<title>Servicios - Fisio M\u00f2bil by David Araguas<\/title>\n<meta name=\"robots\" content=\"index, follow, max-snippet:-1, max-image-preview:large, max-video-preview:-1\" \/>\n<link rel=\"canonical\" href=\"https:\/\/fisiomobil.cat\/es\/services\/\" \/>\n<meta property=\"og:locale\" content=\"es_ES\" \/>\n<meta property=\"og:type\" content=\"article\" \/>\n<meta property=\"og:title\" content=\"Servicios - Fisio M\u00f2bil by David Araguas\" \/>\n<meta property=\"og:description\" content=\"Rehabilitaci\u00f3n Evaluar, plantear y realizar programas de rehabilitaci\u00f3n (tratamiento) para mejorar y recuperar las funciones motores, maximizar... Llegir mes Relax Tienes estr\u00e9s, angustia, irritabilidad... \u00e9ste es el tipo de servicio que necesitas para poder liberarte de las tensiones... Llegir mes\" \/>\n<meta property=\"og:url\" content=\"https:\/\/fisiomobil.cat\/es\/services\/\" \/>\n<meta property=\"og:site_name\" content=\"Fisio M\u00f2bil by David Araguas\" \/>\n<meta property=\"article:modified_time\" content=\"2023-01-09T11:06:24+00:00\" \/>\n<meta name=\"twitter:card\" content=\"summary_large_image\" \/>\n<meta name=\"twitter:label1\" content=\"Tiempo de lectura\" \/>\n\t<meta name=\"twitter:data1\" content=\"1 minuto\" \/>\n<script type=\"application\/ld+json\" class=\"yoast-schema-graph\">{\"@context\":\"https:\\\/\\\/schema.org\",\"@graph\":[{\"@type\":\"WebPage\",\"@id\":\"https:\\\/\\\/fisiomobil.cat\\\/es\\\/services\\\/\",\"url\":\"https:\\\/\\\/fisiomobil.cat\\\/es\\\/services\\\/\",\"name\":\"Servicios - Fisio M\u00f2bil by David Araguas\",\"isPartOf\":{\"@id\":\"https:\\\/\\\/fisiomobil.cat\\\/#website\"},\"datePublished\":\"2017-02-28T11:18:36+00:00\",\"dateModified\":\"2023-01-09T11:06:24+00:00\",\"breadcrumb\":{\"@id\":\"https:\\\/\\\/fisiomobil.cat\\\/es\\\/services\\\/#breadcrumb\"},\"inLanguage\":\"es\",\"potentialAction\":[{\"@type\":\"ReadAction\",\"target\":[\"https:\\\/\\\/fisiomobil.cat\\\/es\\\/services\\\/\"]}]},{\"@type\":\"BreadcrumbList\",\"@id\":\"https:\\\/\\\/fisiomobil.cat\\\/es\\\/services\\\/#breadcrumb\",\"itemListElement\":[{\"@type\":\"ListItem\",\"position\":1,\"name\":\"Inici\",\"item\":\"https:\\\/\\\/fisiomobil.cat\\\/es\\\/\"},{\"@type\":\"ListItem\",\"position\":2,\"name\":\"Servicios\"}]},{\"@type\":\"WebSite\",\"@id\":\"https:\\\/\\\/fisiomobil.cat\\\/#website\",\"url\":\"https:\\\/\\\/fisiomobil.cat\\\/\",\"name\":\"Fisio M\u00f2bil by David Araguas\",\"description\":\"\",\"potentialAction\":[{\"@type\":\"SearchAction\",\"target\":{\"@type\":\"EntryPoint\",\"urlTemplate\":\"https:\\\/\\\/fisiomobil.cat\\\/?s={search_term_string}\"},\"query-input\":{\"@type\":\"PropertyValueSpecification\",\"valueRequired\":true,\"valueName\":\"search_term_string\"}}],\"inLanguage\":\"es\"}]}<\/script>\n<!-- \/ Yoast SEO plugin. -->","yoast_head_json":{"title":"Servicios - Fisio M\u00f2bil by David Araguas","robots":{"index":"index","follow":"follow","max-snippet":"max-snippet:-1","max-image-preview":"max-image-preview:large","max-video-preview":"max-video-preview:-1"},"canonical":"https:\/\/fisiomobil.cat\/es\/services\/","og_locale":"es_ES","og_type":"article","og_title":"Servicios - Fisio M\u00f2bil by David Araguas","og_description":"Rehabilitaci\u00f3n Evaluar, plantear y realizar programas de rehabilitaci\u00f3n (tratamiento) para mejorar y recuperar las funciones motores, maximizar... Llegir mes Relax Tienes estr\u00e9s, angustia, irritabilidad... \u00e9ste es el tipo de servicio que necesitas para poder liberarte de las tensiones... Llegir mes","og_url":"https:\/\/fisiomobil.cat\/es\/services\/","og_site_name":"Fisio M\u00f2bil by David Araguas","article_modified_time":"2023-01-09T11:06:24+00:00","twitter_card":"summary_large_image","twitter_misc":{"Tiempo de lectura":"1 minuto"},"schema":{"@context":"https:\/\/schema.org","@graph":[{"@type":"WebPage","@id":"https:\/\/fisiomobil.cat\/es\/services\/","url":"https:\/\/fisiomobil.cat\/es\/services\/","name":"Servicios - Fisio M\u00f2bil by David Araguas","isPartOf":{"@id":"https:\/\/fisiomobil.cat\/#website"},"datePublished":"2017-02-28T11:18:36+00:00","dateModified":"2023-01-09T11:06:24+00:00","breadcrumb":{"@id":"https:\/\/fisiomobil.cat\/es\/services\/#breadcrumb"},"inLanguage":"es","potentialAction":[{"@type":"ReadAction","target":["https:\/\/fisiomobil.cat\/es\/services\/"]}]},{"@type":"BreadcrumbList","@id":"https:\/\/fisiomobil.cat\/es\/services\/#breadcrumb","itemListElement":[{"@type":"ListItem","position":1,"name":"Inici","item":"https:\/\/fisiomobil.cat\/es\/"},{"@type":"ListItem","position":2,"name":"Servicios"}]},{"@type":"WebSite","@id":"https:\/\/fisiomobil.cat\/#website","url":"https:\/\/fisiomobil.cat\/","name":"Fisio M\u00f2bil by David Araguas","description":"","potentialAction":[{"@type":"SearchAction","target":{"@type":"EntryPoint","urlTemplate":"https:\/\/fisiomobil.cat\/?s={search_term_string}"},"query-input":{"@type":"PropertyValueSpecification","valueRequired":true,"valueName":"search_term_string"}}],"inLanguage":"es"}]}},"_links":{"self":[{"href":"https:\/\/fisiomobil.cat\/es\/wp-json\/wp\/v2\/pages\/1421","targetHints":{"allow":["GET"]}}],"collection":[{"href":"https:\/\/fisiomobil.cat\/es\/wp-json\/wp\/v2\/pages"}],"about":[{"href":"https:\/\/fisiomobil.cat\/es\/wp-json\/wp\/v2\/types\/page"}],"author":[{"embeddable":true,"href":"https:\/\/fisiomobil.cat\/es\/wp-json\/wp\/v2\/users\/1"}],"replies":[{"embeddable":true,"href":"https:\/\/fisiomobil.cat\/es\/wp-json\/wp\/v2\/comments?post=1421"}],"version-history":[{"count":2,"href":"https:\/\/fisiomobil.cat\/es\/wp-json\/wp\/v2\/pages\/1421\/revisions"}],"predecessor-version":[{"id":1423,"href":"https:\/\/fisiomobil.cat\/es\/wp-json\/wp\/v2\/pages\/1421\/revisions\/1423"}],"wp:attachment":[{"href":"https:\/\/fisiomobil.cat\/es\/wp-json\/wp\/v2\/media?parent=1421"}],"curies":[{"name":"wp","href":"https:\/\/api.w.org\/{rel}","templated":true}]}}